{"id":22,"date":"2024-04-08T14:42:04","date_gmt":"2024-04-08T14:42:04","guid":{"rendered":"https:\/\/nuvial21.rkinformatika.online\/?page_id=22"},"modified":"2024-04-10T07:45:03","modified_gmt":"2024-04-10T07:45:03","slug":"servicios","status":"publish","type":"page","link":"https:\/\/nuvial21.com\/eu\/servicios\/","title":{"rendered":"Zerbitzuak"},"content":{"rendered":"<div data-elementor-type=\"wp-page\" data-elementor-id=\"22\" class=\"elementor elementor-22\" data-elementor-post-type=\"page\">\n\t\t\t\t<div class=\"elementor-element elementor-element-40b2df5 e-flex e-con-boxed e-con e-parent\" data-id=\"40b2df5\" data-element_type=\"container\" data-e-type=\"container\" data-settings=\"{&quot;background_background&quot;:&quot;classic&quot;}\">\n\t\t\t\t\t<div class=\"e-con-inner\">\n\t\t\t\t<div class=\"elementor-element elementor-element-1433cbc elementor-invisible elementor-widget elementor-widget-heading\" data-id=\"1433cbc\" data-element_type=\"widget\" data-e-type=\"widget\" data-settings=\"{&quot;_animation&quot;:&quot;fadeInRight&quot;}\" data-widget_type=\"heading.default\">\n\t\t\t\t<div class=\"elementor-widget-container\">\n\t\t\t\t\t<h2 class=\"elementor-heading-title elementor-size-default\">Nuestros Servicios.<\/h2>\t\t\t\t<\/div>\n\t\t\t\t<\/div>\n\t\t\t\t\t<\/div>\n\t\t\t\t<\/div>\n\t\t<div class=\"elementor-element elementor-element-f12e1c0 e-con-full e-flex e-con e-parent\" data-id=\"f12e1c0\" data-element_type=\"container\" data-e-type=\"container\" data-settings=\"{&quot;background_background&quot;:&quot;classic&quot;}\">\n\t\t<div class=\"elementor-element elementor-element-c3d233e e-flex e-con-boxed e-con e-child\" data-id=\"c3d233e\" data-element_type=\"container\" data-e-type=\"container\">\n\t\t\t\t\t<div class=\"e-con-inner\">\n\t\t\t\t<div class=\"elementor-element elementor-element-4939c0f elementor-invisible elementor-widget elementor-widget-heading\" data-id=\"4939c0f\" data-element_type=\"widget\" data-e-type=\"widget\" data-settings=\"{&quot;_animation&quot;:&quot;bounceInUp&quot;}\" data-widget_type=\"heading.default\">\n\t\t\t\t<div class=\"elementor-widget-container\">\n\t\t\t\t\t<h2 class=\"elementor-heading-title elementor-size-default\">Algunos de nuestros servicios<\/h2>\t\t\t\t<\/div>\n\t\t\t\t<\/div>\n\t\t\t\t\t<\/div>\n\t\t\t\t<\/div>\n\t\t<div class=\"elementor-element elementor-element-9c4c842 e-con-full e-flex e-con e-child\" data-id=\"9c4c842\" data-element_type=\"container\" data-e-type=\"container\">\n\t\t\t\t<div class=\"elementor-element elementor-element-decc326 elementor-widget elementor-widget-eael-image-accordion\" data-id=\"decc326\" data-element_type=\"widget\" data-e-type=\"widget\" data-widget_type=\"eael-image-accordion.default\">\n\t\t\t\t<div class=\"elementor-widget-container\">\n\t\t\t\t\t    <div class=\"eael-img-accordion accordion-direction-horizontal eael-img-accordion-horizontal-align-center eael-img-accordion-vertical-align-center\" id=\"eael-img-accordion-decc326\" data-img-accordion-id=\"decc326\" data-img-accordion-type=\"on-hover\">\n                    \n            <div class=\"eael-image-accordion-hover eael-image-accordion-item\" style=\"background-image: url(https:\/\/nuvial21.com\/wp-content\/uploads\/2024\/04\/hand-worker-masonry-brickwork-trowel-construction-site-wall-concrete-background.jpg);\"  tabindex=\"0\">\n                <div class=\"overlay\">\n                                        <div class=\"overlay-inner\">\n                        <h2 class=\"img-accordion-title\">Fundamentos s\u00f3lidos, construcci\u00f3n impecable<\/h2>                            <p><p>Nuestro equipo experto en alba\u00f1iler\u00eda se encarga de crear bases s\u00f3lidas para cada proyecto, asegurando una construcci\u00f3n robusta y duradera. Desde la cimentaci\u00f3n hasta los detalles finales, nos comprometemos a ofrecer una calidad excepcional en cada trabajo.<\/p><\/p>\n                                            <\/div>\n                <\/div>\n            <\/div>\n                    \n            <div class=\"eael-image-accordion-hover eael-image-accordion-item\" style=\"background-image: url(https:\/\/nuvial21.com\/wp-content\/uploads\/2024\/04\/house-remodeling-worker.jpg);\"  tabindex=\"0\">\n                <div class=\"overlay\">\n                                        <div class=\"overlay-inner\">\n                        <h2 class=\"img-accordion-title\">Transformando espacios, renovando hogares<\/h2>                            <p><p>Con un enfoque en la innovaci\u00f3n y el dise\u00f1o, nuestro equipo de reformas trabaja para transformar espacios y dar nueva vida a los hogares. Ya sea una renovaci\u00f3n completa o una actualizaci\u00f3n parcial, nos esforzamos por superar las expectativas de nuestros clientes en cada proyecto.<\/p><\/p>\n                                            <\/div>\n                <\/div>\n            <\/div>\n                    \n            <div class=\"eael-image-accordion-hover eael-image-accordion-item\" style=\"background-image: url(https:\/\/nuvial21.com\/wp-content\/uploads\/2024\/04\/under-construction-remodeling-installing-material-new-home-for-repairs-in-apartment-remodeling-1.jpg);\"  tabindex=\"0\">\n                <div class=\"overlay\">\n                                        <div class=\"overlay-inner\">\n                        <h2 class=\"img-accordion-title\">Restaurando historias, revitalizando hogares<\/h2>                            <p><p>Nos dedicamos a la rehabilitaci\u00f3n de viviendas con el objetivo de preservar su encanto original mientras se actualizan para satisfacer las necesidades modernas. Nuestro equipo experto se encarga de restaurar y revitalizar hogares, manteniendo su integridad arquitect\u00f3nica y funcionalidad.<\/p><\/p>\n                                            <\/div>\n                <\/div>\n            <\/div>\n                    \n            <div class=\"eael-image-accordion-hover eael-image-accordion-item\" style=\"background-image: url(https:\/\/nuvial21.com\/wp-content\/uploads\/2024\/04\/industrial-employees-working-on-remodeling-business-center.jpg);\"  tabindex=\"0\">\n                <div class=\"overlay\">\n                                        <div class=\"overlay-inner\">\n                        <h2 class=\"img-accordion-title\">Coordinaci\u00f3n sin fisuras, colaboraci\u00f3n efectiva<\/h2>                            <p><p>Nuestra coordinaci\u00f3n de gremios asegura que cada proyecto se lleve a cabo de manera eficiente y sin problemas. Nos encargamos de coordinar a todos los equipos involucrados, garantizando una comunicaci\u00f3n fluida y una ejecuci\u00f3n armoniosa desde el principio hasta el final del proyecto.<\/p><\/p>\n                                            <\/div>\n                <\/div>\n            <\/div>\n                <\/div>\n        <style typr=\"text\/css\">\n                    #eael-img-accordion-decc326 .eael-image-accordion-hover:hover {\n                        flex: 3 1 0% !important;\n                    }\n                    #eael-img-accordion-decc326 .eael-image-accordion-hover:hover:hover .overlay-inner * {\n                        opacity: 1;\n                        visibility: visible;\n                        transform: none;\n                        transition: all .3s .3s;\n                    }\n                <\/style>\t\t\t\t<\/div>\n\t\t\t\t<\/div>\n\t\t\t\t<\/div>\n\t\t\t\t<\/div>\n\t\t<div class=\"elementor-element elementor-element-e6d627d e-flex e-con-boxed e-con e-parent\" data-id=\"e6d627d\" data-element_type=\"container\" data-e-type=\"container\">\n\t\t\t\t\t<div class=\"e-con-inner\">\n\t\t\t\t<div class=\"elementor-element elementor-element-4a0d2dd elementor-widget elementor-widget-spacer\" data-id=\"4a0d2dd\" data-element_type=\"widget\" data-e-type=\"widget\" data-widget_type=\"spacer.default\">\n\t\t\t\t<div class=\"elementor-widget-container\">\n\t\t\t\t\t\t\t<div class=\"elementor-spacer\">\n\t\t\t<div class=\"elementor-spacer-inner\"><\/div>\n\t\t<\/div>\n\t\t\t\t\t\t<\/div>\n\t\t\t\t<\/div>\n\t\t\t\t\t<\/div>\n\t\t\t\t<\/div>\n\t\t<div class=\"elementor-element elementor-element-38fcf8a e-con-full e-flex e-con e-parent\" data-id=\"38fcf8a\" data-element_type=\"container\" data-e-type=\"container\" data-settings=\"{&quot;background_background&quot;:&quot;classic&quot;}\">\n\t\t\t\t<div class=\"elementor-element elementor-element-d3bec67 elementor-widget__width-initial elementor-widget elementor-widget-heading\" data-id=\"d3bec67\" data-element_type=\"widget\" data-e-type=\"widget\" data-widget_type=\"heading.default\">\n\t\t\t\t<div class=\"elementor-widget-container\">\n\t\t\t\t\t<h2 class=\"elementor-heading-title elementor-size-default\">\u00a1Ponte en Contacto con Nosotros Hoy!<\/h2>\t\t\t\t<\/div>\n\t\t\t\t<\/div>\n\t\t\t\t<div class=\"elementor-element elementor-element-8b51f14 elementor-invisible elementor-widget elementor-widget-button\" data-id=\"8b51f14\" data-element_type=\"widget\" data-e-type=\"widget\" data-settings=\"{&quot;_animation&quot;:&quot;bounceInDown&quot;}\" data-widget_type=\"button.default\">\n\t\t\t\t<div class=\"elementor-widget-container\">\n\t\t\t\t\t\t\t\t\t<div class=\"elementor-button-wrapper\">\n\t\t\t\t\t<a class=\"elementor-button elementor-button-link elementor-size-sm\" href=\"https:\/\/nuvial21.com\/eu\/servicios\/\">\n\t\t\t\t\t\t<span class=\"elementor-button-content-wrapper\">\n\t\t\t\t\t\t\t\t\t<span class=\"elementor-button-text\">Kontaktatu<\/span>\n\t\t\t\t\t<\/span>\n\t\t\t\t\t<\/a>\n\t\t\t\t<\/div>\n\t\t\t\t\t\t\t\t<\/div>\n\t\t\t\t<\/div>\n\t\t\t\t<\/div>\n\t\t<div class=\"elementor-element elementor-element-de0beac e-flex e-con-boxed e-con e-parent\" data-id=\"de0beac\" data-element_type=\"container\" data-e-type=\"container\">\n\t\t\t\t\t<div class=\"e-con-inner\">\n\t\t\t\t<div class=\"elementor-element elementor-element-35a9877 elementor-widget elementor-widget-spacer\" data-id=\"35a9877\" data-element_type=\"widget\" data-e-type=\"widget\" data-widget_type=\"spacer.default\">\n\t\t\t\t<div class=\"elementor-widget-container\">\n\t\t\t\t\t\t\t<div class=\"elementor-spacer\">\n\t\t\t<div class=\"elementor-spacer-inner\"><\/div>\n\t\t<\/div>\n\t\t\t\t\t\t<\/div>\n\t\t\t\t<\/div>\n\t\t\t\t\t<\/div>\n\t\t\t\t<\/div>\n\t\t\t\t<\/div>","protected":false},"excerpt":{"rendered":"<p>Nuestros Servicios. Algunos de nuestros servicios Fundamentos s\u00f3lidos, construcci\u00f3n impecable Nuestro equipo experto en alba\u00f1iler\u00eda se encarga de crear bases s\u00f3lidas para cada proyecto, asegurando una construcci\u00f3n robusta y duradera. Desde la cimentaci\u00f3n hasta los detalles finales, nos comprometemos a ofrecer una calidad excepcional en cada trabajo. Transformando espacios, renovando hogares Con un enfoque en [&hellip;]<\/p>\n","protected":false},"author":1,"featured_media":0,"parent":0,"menu_order":0,"comment_status":"closed","ping_status":"closed","template":"","meta":{"footnotes":""},"class_list":["post-22","page","type-page","status-publish","hentry"],"yoast_head":"<!-- This site is optimized with the Yoast SEO plugin v27.5 - https:\/\/yoast.com\/product\/yoast-seo-wordpress\/ -->\n<title>Servicios - Alba\u00f1ileria Nuvial 21 S.L<\/title>\n<meta name=\"robots\" content=\"index, follow, max-snippet:-1, max-image-preview:large, max-video-preview:-1\" \/>\n<link rel=\"canonical\" href=\"https:\/\/nuvial21.com\/eu\/servicios\/\" \/>\n<meta property=\"og:locale\" content=\"en_US\" \/>\n<meta property=\"og:type\" content=\"article\" \/>\n<meta property=\"og:title\" content=\"Servicios - Alba\u00f1ileria Nuvial 21 S.L\" \/>\n<meta property=\"og:description\" content=\"Nuestros Servicios. Algunos de nuestros servicios Fundamentos s\u00f3lidos, construcci\u00f3n impecable Nuestro equipo experto en alba\u00f1iler\u00eda se encarga de crear bases s\u00f3lidas para cada proyecto, asegurando una construcci\u00f3n robusta y duradera. Desde la cimentaci\u00f3n hasta los detalles finales, nos comprometemos a ofrecer una calidad excepcional en cada trabajo. Transformando espacios, renovando hogares Con un enfoque en [&hellip;]\" \/>\n<meta property=\"og:url\" content=\"https:\/\/nuvial21.com\/eu\/servicios\/\" \/>\n<meta property=\"og:site_name\" content=\"Alba\u00f1ileria Nuvial 21 S.L\" \/>\n<meta property=\"article:modified_time\" content=\"2024-04-10T07:45:03+00:00\" \/>\n<meta name=\"twitter:card\" content=\"summary_large_image\" \/>\n<meta name=\"twitter:label1\" content=\"Est. reading time\" \/>\n\t<meta name=\"twitter:data1\" content=\"1 minutua\" \/>\n<script type=\"application\/ld+json\" class=\"yoast-schema-graph\">{\"@context\":\"https:\\\/\\\/schema.org\",\"@graph\":[{\"@type\":\"WebPage\",\"@id\":\"https:\\\/\\\/nuvial21.com\\\/servicios\\\/\",\"url\":\"https:\\\/\\\/nuvial21.com\\\/servicios\\\/\",\"name\":\"Servicios - Alba\u00f1ileria Nuvial 21 S.L\",\"isPartOf\":{\"@id\":\"https:\\\/\\\/nuvial21.com\\\/#website\"},\"datePublished\":\"2024-04-08T14:42:04+00:00\",\"dateModified\":\"2024-04-10T07:45:03+00:00\",\"breadcrumb\":{\"@id\":\"https:\\\/\\\/nuvial21.com\\\/servicios\\\/#breadcrumb\"},\"inLanguage\":\"eu\",\"potentialAction\":[{\"@type\":\"ReadAction\",\"target\":[\"https:\\\/\\\/nuvial21.com\\\/servicios\\\/\"]}]},{\"@type\":\"BreadcrumbList\",\"@id\":\"https:\\\/\\\/nuvial21.com\\\/servicios\\\/#breadcrumb\",\"itemListElement\":[{\"@type\":\"ListItem\",\"position\":1,\"name\":\"Portada\",\"item\":\"https:\\\/\\\/nuvial21.com\\\/\"},{\"@type\":\"ListItem\",\"position\":2,\"name\":\"Servicios\"}]},{\"@type\":\"WebSite\",\"@id\":\"https:\\\/\\\/nuvial21.com\\\/#website\",\"url\":\"https:\\\/\\\/nuvial21.com\\\/\",\"name\":\"Alba\u00f1ileria Nuvial 21 S.L\",\"description\":\"\",\"publisher\":{\"@id\":\"https:\\\/\\\/nuvial21.com\\\/#organization\"},\"potentialAction\":[{\"@type\":\"SearchAction\",\"target\":{\"@type\":\"EntryPoint\",\"urlTemplate\":\"https:\\\/\\\/nuvial21.com\\\/?s={search_term_string}\"},\"query-input\":{\"@type\":\"PropertyValueSpecification\",\"valueRequired\":true,\"valueName\":\"search_term_string\"}}],\"inLanguage\":\"eu\"},{\"@type\":\"Organization\",\"@id\":\"https:\\\/\\\/nuvial21.com\\\/#organization\",\"name\":\"Alba\u00f1ileria Nuvial 21 S.L\",\"url\":\"https:\\\/\\\/nuvial21.com\\\/\",\"logo\":{\"@type\":\"ImageObject\",\"inLanguage\":\"eu\",\"@id\":\"https:\\\/\\\/nuvial21.com\\\/#\\\/schema\\\/logo\\\/image\\\/\",\"url\":\"https:\\\/\\\/nuvial21.com\\\/wp-content\\\/uploads\\\/2024\\\/04\\\/cropped-cropped-LOGO-TRANSP-01.png\",\"contentUrl\":\"https:\\\/\\\/nuvial21.com\\\/wp-content\\\/uploads\\\/2024\\\/04\\\/cropped-cropped-LOGO-TRANSP-01.png\",\"width\":2617,\"height\":1065,\"caption\":\"Alba\u00f1ileria Nuvial 21 S.L\"},\"image\":{\"@id\":\"https:\\\/\\\/nuvial21.com\\\/#\\\/schema\\\/logo\\\/image\\\/\"}}]}<\/script>\n<!-- \/ Yoast SEO plugin. -->","yoast_head_json":{"title":"Servicios - Alba\u00f1ileria Nuvial 21 S.L","robots":{"index":"index","follow":"follow","max-snippet":"max-snippet:-1","max-image-preview":"max-image-preview:large","max-video-preview":"max-video-preview:-1"},"canonical":"https:\/\/nuvial21.com\/eu\/servicios\/","og_locale":"en_US","og_type":"article","og_title":"Servicios - Alba\u00f1ileria Nuvial 21 S.L","og_description":"Nuestros Servicios. Algunos de nuestros servicios Fundamentos s\u00f3lidos, construcci\u00f3n impecable Nuestro equipo experto en alba\u00f1iler\u00eda se encarga de crear bases s\u00f3lidas para cada proyecto, asegurando una construcci\u00f3n robusta y duradera. Desde la cimentaci\u00f3n hasta los detalles finales, nos comprometemos a ofrecer una calidad excepcional en cada trabajo. Transformando espacios, renovando hogares Con un enfoque en [&hellip;]","og_url":"https:\/\/nuvial21.com\/eu\/servicios\/","og_site_name":"Alba\u00f1ileria Nuvial 21 S.L","article_modified_time":"2024-04-10T07:45:03+00:00","twitter_card":"summary_large_image","twitter_misc":{"Est. reading time":"1 minutua"},"schema":{"@context":"https:\/\/schema.org","@graph":[{"@type":"WebPage","@id":"https:\/\/nuvial21.com\/servicios\/","url":"https:\/\/nuvial21.com\/servicios\/","name":"Servicios - Alba\u00f1ileria Nuvial 21 S.L","isPartOf":{"@id":"https:\/\/nuvial21.com\/#website"},"datePublished":"2024-04-08T14:42:04+00:00","dateModified":"2024-04-10T07:45:03+00:00","breadcrumb":{"@id":"https:\/\/nuvial21.com\/servicios\/#breadcrumb"},"inLanguage":"eu","potentialAction":[{"@type":"ReadAction","target":["https:\/\/nuvial21.com\/servicios\/"]}]},{"@type":"BreadcrumbList","@id":"https:\/\/nuvial21.com\/servicios\/#breadcrumb","itemListElement":[{"@type":"ListItem","position":1,"name":"Portada","item":"https:\/\/nuvial21.com\/"},{"@type":"ListItem","position":2,"name":"Servicios"}]},{"@type":"WebSite","@id":"https:\/\/nuvial21.com\/#website","url":"https:\/\/nuvial21.com\/","name":"Alba\u00f1ileria Nuvial 21 S.L","description":"","publisher":{"@id":"https:\/\/nuvial21.com\/#organization"},"potentialAction":[{"@type":"SearchAction","target":{"@type":"EntryPoint","urlTemplate":"https:\/\/nuvial21.com\/?s={search_term_string}"},"query-input":{"@type":"PropertyValueSpecification","valueRequired":true,"valueName":"search_term_string"}}],"inLanguage":"eu"},{"@type":"Organization","@id":"https:\/\/nuvial21.com\/#organization","name":"Alba\u00f1ileria Nuvial 21 S.L","url":"https:\/\/nuvial21.com\/","logo":{"@type":"ImageObject","inLanguage":"eu","@id":"https:\/\/nuvial21.com\/#\/schema\/logo\/image\/","url":"https:\/\/nuvial21.com\/wp-content\/uploads\/2024\/04\/cropped-cropped-LOGO-TRANSP-01.png","contentUrl":"https:\/\/nuvial21.com\/wp-content\/uploads\/2024\/04\/cropped-cropped-LOGO-TRANSP-01.png","width":2617,"height":1065,"caption":"Alba\u00f1ileria Nuvial 21 S.L"},"image":{"@id":"https:\/\/nuvial21.com\/#\/schema\/logo\/image\/"}}]}},"_links":{"self":[{"href":"https:\/\/nuvial21.com\/eu\/wp-json\/wp\/v2\/pages\/22","targetHints":{"allow":["GET"]}}],"collection":[{"href":"https:\/\/nuvial21.com\/eu\/wp-json\/wp\/v2\/pages"}],"about":[{"href":"https:\/\/nuvial21.com\/eu\/wp-json\/wp\/v2\/types\/page"}],"author":[{"embeddable":true,"href":"https:\/\/nuvial21.com\/eu\/wp-json\/wp\/v2\/users\/1"}],"replies":[{"embeddable":true,"href":"https:\/\/nuvial21.com\/eu\/wp-json\/wp\/v2\/comments?post=22"}],"version-history":[{"count":67,"href":"https:\/\/nuvial21.com\/eu\/wp-json\/wp\/v2\/pages\/22\/revisions"}],"predecessor-version":[{"id":564,"href":"https:\/\/nuvial21.com\/eu\/wp-json\/wp\/v2\/pages\/22\/revisions\/564"}],"wp:attachment":[{"href":"https:\/\/nuvial21.com\/eu\/wp-json\/wp\/v2\/media?parent=22"}],"curies":[{"name":"wp","href":"https:\/\/api.w.org\/{rel}","templated":true}]}}