{"id":2,"date":"2024-04-08T11:48:42","date_gmt":"2024-04-08T11:48:42","guid":{"rendered":"https:\/\/nuvial21.rkinformatika.online\/?page_id=2"},"modified":"2024-10-28T16:29:05","modified_gmt":"2024-10-28T16:29:05","slug":"inicio","status":"publish","type":"page","link":"https:\/\/nuvial21.com\/eu\/","title":{"rendered":"Hasiera"},"content":{"rendered":"<div data-elementor-type=\"wp-page\" data-elementor-id=\"2\" class=\"elementor elementor-2\" data-elementor-post-type=\"page\">\n\t\t\t\t<div class=\"elementor-element elementor-element-b8d5c67 e-flex e-con-boxed e-con e-parent\" data-id=\"b8d5c67\" data-element_type=\"container\" data-e-type=\"container\" data-settings=\"{&quot;background_background&quot;:&quot;classic&quot;}\">\n\t\t\t\t\t<div class=\"e-con-inner\">\n\t\t\t\t<div class=\"elementor-element elementor-element-e43fcda elementor-invisible elementor-widget elementor-widget-heading\" data-id=\"e43fcda\" data-element_type=\"widget\" data-e-type=\"widget\" data-settings=\"{&quot;_animation&quot;:&quot;fadeInRight&quot;}\" data-widget_type=\"heading.default\">\n\t\t\t\t<div class=\"elementor-widget-container\">\n\t\t\t\t\t<h2 class=\"elementor-heading-title elementor-size-default\">\u00a1Ongi Etorri | Bienvenido!<\/h2>\t\t\t\t<\/div>\n\t\t\t\t<\/div>\n\t\t\t\t<div class=\"elementor-element elementor-element-e15b5b7 elementor-widget__width-initial elementor-hidden-mobile elementor-hidden-tablet elementor-invisible elementor-widget elementor-widget-text-editor\" data-id=\"e15b5b7\" data-element_type=\"widget\" data-e-type=\"widget\" data-settings=\"{&quot;_animation&quot;:&quot;fadeInLeft&quot;}\" data-widget_type=\"text-editor.default\">\n\t\t\t\t<div class=\"elementor-widget-container\">\n\t\t\t\t\t\t\t\t\t<p>Igeltserotza, Eraberritze eta Birgaitze Zerbitzu Integratuak: Igeltserotza Nubiala 21, bere bazkide fidagarria ametsen eraikuntzan.<\/p>\t\t\t\t\t\t\t\t<\/div>\n\t\t\t\t<\/div>\n\t\t\t\t<div class=\"elementor-element elementor-element-86e4934 elementor-widget__width-initial elementor-hidden-mobile elementor-hidden-desktop elementor-invisible elementor-widget elementor-widget-text-editor\" data-id=\"86e4934\" data-element_type=\"widget\" data-e-type=\"widget\" data-settings=\"{&quot;_animation&quot;:&quot;fadeInLeft&quot;}\" data-widget_type=\"text-editor.default\">\n\t\t\t\t<div class=\"elementor-widget-container\">\n\t\t\t\t\t\t\t\t\t<p>Servicios Integrados de Alba\u00f1iler\u00eda, Reformas y <br \/>Rehabilitaci\u00f3n: Alba\u00f1ileria Nuvial 21, su socio confiable <br \/>en la construcci\u00f3n de sue\u00f1os.<\/p>\t\t\t\t\t\t\t\t<\/div>\n\t\t\t\t<\/div>\n\t\t\t\t<div class=\"elementor-element elementor-element-6bf9e0c elementor-widget__width-initial elementor-hidden-desktop elementor-hidden-tablet elementor-invisible elementor-widget elementor-widget-text-editor\" data-id=\"6bf9e0c\" data-element_type=\"widget\" data-e-type=\"widget\" data-settings=\"{&quot;_animation&quot;:&quot;fadeInLeft&quot;}\" data-widget_type=\"text-editor.default\">\n\t\t\t\t<div class=\"elementor-widget-container\">\n\t\t\t\t\t\t\t\t\t<p>Igeltserotza, Eraberritze eta Birgaitze Zerbitzu Integratuak: Igeltserotza Nubiala 21, bere bazkide fidagarria ametsen eraikuntzan.<\/p>\t\t\t\t\t\t\t\t<\/div>\n\t\t\t\t<\/div>\n\t\t\t\t<div class=\"elementor-element elementor-element-7ab3a2e elementor-invisible elementor-widget elementor-widget-button\" data-id=\"7ab3a2e\" data-element_type=\"widget\" data-e-type=\"widget\" data-settings=\"{&quot;_animation&quot;:&quot;bounceInDown&quot;}\" data-widget_type=\"button.default\">\n\t\t\t\t<div class=\"elementor-widget-container\">\n\t\t\t\t\t\t\t\t\t<div class=\"elementor-button-wrapper\">\n\t\t\t\t\t<a class=\"elementor-button elementor-button-link elementor-size-sm\" href=\"https:\/\/nuvial21.com\/eu\/contacto\/\">\n\t\t\t\t\t\t<span class=\"elementor-button-content-wrapper\">\n\t\t\t\t\t\t\t\t\t<span class=\"elementor-button-text\">Kontaktatu<\/span>\n\t\t\t\t\t<\/span>\n\t\t\t\t\t<\/a>\n\t\t\t\t<\/div>\n\t\t\t\t\t\t\t\t<\/div>\n\t\t\t\t<\/div>\n\t\t\t\t\t<\/div>\n\t\t\t\t<\/div>\n\t\t<div class=\"elementor-element elementor-element-e0a58ed e-flex e-con-boxed e-con e-parent\" data-id=\"e0a58ed\" data-element_type=\"container\" data-e-type=\"container\">\n\t\t\t\t\t<div class=\"e-con-inner\">\n\t\t\t\t<div class=\"elementor-element elementor-element-b20cf7c elementor-invisible elementor-widget elementor-widget-heading\" data-id=\"b20cf7c\" data-element_type=\"widget\" data-e-type=\"widget\" data-settings=\"{&quot;_animation&quot;:&quot;bounceInUp&quot;}\" data-widget_type=\"heading.default\">\n\t\t\t\t<div class=\"elementor-widget-container\">\n\t\t\t\t\t<h2 class=\"elementor-heading-title elementor-size-default\">Prest zaude zure ikuspegia errealitate bihurtzeko?<\/h2>\t\t\t\t<\/div>\n\t\t\t\t<\/div>\n\t\t\t\t\t<\/div>\n\t\t\t\t<\/div>\n\t\t<div class=\"elementor-element elementor-element-8085ca9 e-con-full e-flex e-con e-parent\" data-id=\"8085ca9\" data-element_type=\"container\" data-e-type=\"container\" data-settings=\"{&quot;background_background&quot;:&quot;classic&quot;}\">\n\t\t<div class=\"elementor-element elementor-element-74b7e15 e-con-full e-flex e-con e-child\" data-id=\"74b7e15\" data-element_type=\"container\" data-e-type=\"container\">\n\t\t\t\t<div class=\"elementor-element elementor-element-118b5e0 elementor-hidden-tablet elementor-hidden-mobile elementor-widget elementor-widget-text-editor\" data-id=\"118b5e0\" data-element_type=\"widget\" data-e-type=\"widget\" data-widget_type=\"text-editor.default\">\n\t\t\t\t<div class=\"elementor-widget-container\">\n\t\t\t\t\t\t\t\t\t<p>Gure lantaldea hemen dago, zure eraikuntza- eta berrikuntza-helburuak lortzen laguntzeko.<\/p><p>Jarri gurekin harremanetan gaur bertan, eta jakin nola egin dezakegun zure proiektuak<\/p><p>esperientzia aparta izatea hasieratik amaierara.<\/p><p>\u00a0<\/p><p>\u00a0<\/p><p>Elkarrekin lan egitea espero dugu!<\/p>\t\t\t\t\t\t\t\t<\/div>\n\t\t\t\t<\/div>\n\t\t\t\t<\/div>\n\t\t<div class=\"elementor-element elementor-element-7be1b93 e-con-full e-flex e-con e-child\" data-id=\"7be1b93\" data-element_type=\"container\" data-e-type=\"container\">\n\t\t\t\t<div class=\"elementor-element elementor-element-2827cc5 elementor-hidden-desktop elementor-hidden-mobile elementor-widget elementor-widget-text-editor\" data-id=\"2827cc5\" data-element_type=\"widget\" data-e-type=\"widget\" data-widget_type=\"text-editor.default\">\n\t\t\t\t<div class=\"elementor-widget-container\">\n\t\t\t\t\t\t\t\t\t<p>Nuestro equipo dedicado, est\u00e1 aqu\u00ed para ayudarte a alcanzar tus objetivos de construcci\u00f3n y renovaci\u00f3n. Ponte en contacto con nosotros hoy mismo y descubre c\u00f3mo podemos hacer que tus proyectos sean una experiencia excepcional de principio a fin.<\/p><p>\u00a0<\/p><p>\u00a0<\/p><p>\u00a0<\/p><p>\u00a0<\/p><p>\u00a0<\/p><p>Elkarrekin lan egitea espero dugu!<\/p>\t\t\t\t\t\t\t\t<\/div>\n\t\t\t\t<\/div>\n\t\t\t\t<div class=\"elementor-element elementor-element-52f7a7b elementor-hidden-desktop elementor-hidden-tablet elementor-widget elementor-widget-text-editor\" data-id=\"52f7a7b\" data-element_type=\"widget\" data-e-type=\"widget\" data-widget_type=\"text-editor.default\">\n\t\t\t\t<div class=\"elementor-widget-container\">\n\t\t\t\t\t\t\t\t\t<p>Gure lantaldea hemen dago, zure eraikuntza- eta berrikuntza-helburuak lortzen laguntzeko.<\/p><p><br \/>Ponte en contacto con nosotros hoy mismo y descubre c\u00f3mo podemos hacer que tus proyectos sean una experiencia excepcional de principio a fin.<\/p><p>\u00a0<\/p><p>Elkarrekin lan egitea espero dugu!<\/p>\t\t\t\t\t\t\t\t<\/div>\n\t\t\t\t<\/div>\n\t\t\t\t<\/div>\n\t\t\t\t<\/div>\n\t\t<div class=\"elementor-element elementor-element-84a0f28 e-con-full e-flex e-con e-parent\" data-id=\"84a0f28\" data-element_type=\"container\" data-e-type=\"container\" data-settings=\"{&quot;background_background&quot;:&quot;classic&quot;}\">\n\t\t<div class=\"elementor-element elementor-element-1b06cff e-flex e-con-boxed e-con e-child\" data-id=\"1b06cff\" data-element_type=\"container\" data-e-type=\"container\">\n\t\t\t\t\t<div class=\"e-con-inner\">\n\t\t\t\t<div class=\"elementor-element elementor-element-b74f385 elementor-invisible elementor-widget elementor-widget-heading\" data-id=\"b74f385\" data-element_type=\"widget\" data-e-type=\"widget\" data-settings=\"{&quot;_animation&quot;:&quot;bounceInUp&quot;}\" data-widget_type=\"heading.default\">\n\t\t\t\t<div class=\"elementor-widget-container\">\n\t\t\t\t\t<h2 class=\"elementor-heading-title elementor-size-default\">Nor gara?<\/h2>\t\t\t\t<\/div>\n\t\t\t\t<\/div>\n\t\t\t\t\t<\/div>\n\t\t\t\t<\/div>\n\t\t<div class=\"elementor-element elementor-element-6aa78f8 e-flex e-con-boxed e-con e-child\" data-id=\"6aa78f8\" data-element_type=\"container\" data-e-type=\"container\">\n\t\t\t\t\t<div class=\"e-con-inner\">\n\t\t\t\t<div class=\"elementor-element elementor-element-8bfc80a elementor-hidden-mobile elementor-widget elementor-widget-text-editor\" data-id=\"8bfc80a\" data-element_type=\"widget\" data-e-type=\"widget\" data-widget_type=\"text-editor.default\">\n\t\t\t\t<div class=\"elementor-widget-container\">\n\t\t\t\t\t\t\t\t\t<p>2021ean sortu zen Nuvial 21, eta igeltserotzan, zaharberritzeetan eta etxebizitzen birgaitzean liderra den enpresa gisa nabarmendu da. Sektorean 15 urte baino gehiagoko esperientzia izanik, gure enpresa harro dago kalitate handiko zerbitzuak eskaintzeaz eta gure bezeroei aparteko arreta eskaintzeaz.<\/p><p>Nuvial 21en, proiektu bakoitzaren garrantzia ulertzen dugu, handia edo txikia izan. Bezero bakoitzaren beharretara egokitutako irtenbide pertsonalizatuak emateko konpromisoa hartzen dugu. Gremioen koordinaziotik hasi eta lanak gauzatzeraino, prozesuaren etapa bakoitzean bezeroaren gogobetetasuna bermatzen ahalegintzen gara.<\/p><p>Gure taldea eraikuntzaren eta birmoldaketaren arloan oso trebatuta eta trebatuta dauden profesionalek osatzen dute.<\/p><p>Kalitatearen, eraginkortasunaren eta xehetasunezko arretaren ikuspegitik, lan bakoitza bikaintasun-estandar handienekin egingo dela ziurtatzen dugu.<\/p><p>Nuvial 21ean, etxebizitzak eraiki eta berritzeaz gain, gure bezeroekin harreman iraunkorrak eraikitzeko konpromisoa hartzen dugu. Guregan jartzen duten konfiantza baloratzen dugu, eta proiektu bakoitzean dituzten itxaropenak gainditzen ahalegintzen gara.<\/p><p>Igeltserotza-proiektuak, zaharberritze-proiektuak edo etxebizitzak birgaitzeko talde profesional eta fidagarri baten bila bazabiltza, jar zaitez harremanetan Nuvial 21 enpresarekin.<\/p><p>Pozik lagunduko dizugu zure ikuspegia errealitate bihurtzen.<\/p>\t\t\t\t\t\t\t\t<\/div>\n\t\t\t\t<\/div>\n\t\t\t\t\t<\/div>\n\t\t\t\t<\/div>\n\t\t<div class=\"elementor-element elementor-element-59dd224 e-flex e-con-boxed e-con e-child\" data-id=\"59dd224\" data-element_type=\"container\" data-e-type=\"container\">\n\t\t\t\t\t<div class=\"e-con-inner\">\n\t\t\t\t<div class=\"elementor-element elementor-element-fb73f86 elementor-hidden-desktop elementor-hidden-tablet elementor-widget elementor-widget-text-editor\" data-id=\"fb73f86\" data-element_type=\"widget\" data-e-type=\"widget\" data-widget_type=\"text-editor.default\">\n\t\t\t\t<div class=\"elementor-widget-container\">\n\t\t\t\t\t\t\t\t\t<p>2021ean sortu zen Nuvial 21, eta igeltserotzan, zaharberritzeetan eta etxebizitzen birgaitzean liderra den enpresa gisa nabarmendu da. Sektorean 15 urte baino gehiagoko esperientzia izanik, gure enpresa harro dago kalitate handiko zerbitzuak eskaintzeaz eta gure bezeroei aparteko arreta eskaintzeaz.<\/p><p>Nuvial 21en, proiektu bakoitzaren garrantzia ulertzen dugu, handia edo txikia izan. Bezero bakoitzaren beharretara egokitutako irtenbide pertsonalizatuak emateko konpromisoa hartzen dugu. Gremioen koordinaziotik hasi eta lanak gauzatzeraino, prozesuaren etapa bakoitzean bezeroaren gogobetetasuna bermatzen ahalegintzen gara.<\/p><p>Gure taldea eraikuntzaren eta birmoldaketaren arloan oso trebatuta eta trebatuta dauden profesionalek osatzen dute.<\/p><p>Kalitatearen, eraginkortasunaren eta xehetasunezko arretaren ikuspegitik, lan bakoitza bikaintasun-estandar handienekin egingo dela ziurtatzen dugu.<\/p><p>Nuvial 21ean, etxebizitzak eraiki eta berritzeaz gain, gure bezeroekin harreman iraunkorrak eraikitzeko konpromisoa hartzen dugu. Guregan jartzen duten konfiantza baloratzen dugu, eta proiektu bakoitzean dituzten itxaropenak gainditzen ahalegintzen gara.<\/p><p>Igeltserotza-proiektuak, zaharberritze-proiektuak edo etxebizitzak birgaitzeko talde profesional eta fidagarri baten bila bazabiltza, jar zaitez harremanetan Nuvial 21 enpresarekin.<\/p><p>Pozik lagunduko dizugu zure ikuspegia errealitate bihurtzen.<\/p>\t\t\t\t\t\t\t\t<\/div>\n\t\t\t\t<\/div>\n\t\t\t\t\t<\/div>\n\t\t\t\t<\/div>\n\t\t\t\t<\/div>\n\t\t<div class=\"elementor-element elementor-element-f862f19 e-flex e-con-boxed e-con e-parent\" data-id=\"f862f19\" data-element_type=\"container\" data-e-type=\"container\">\n\t\t\t\t\t<div class=\"e-con-inner\">\n\t\t\t\t<div class=\"elementor-element elementor-element-70cdf98 elementor-widget elementor-widget-spacer\" data-id=\"70cdf98\" data-element_type=\"widget\" data-e-type=\"widget\" data-widget_type=\"spacer.default\">\n\t\t\t\t<div class=\"elementor-widget-container\">\n\t\t\t\t\t\t\t<div class=\"elementor-spacer\">\n\t\t\t<div class=\"elementor-spacer-inner\"><\/div>\n\t\t<\/div>\n\t\t\t\t\t\t<\/div>\n\t\t\t\t<\/div>\n\t\t\t\t\t<\/div>\n\t\t\t\t<\/div>\n\t\t<div class=\"elementor-element elementor-element-c043282 e-con-full e-flex e-con e-parent\" data-id=\"c043282\" data-element_type=\"container\" data-e-type=\"container\" data-settings=\"{&quot;background_background&quot;:&quot;classic&quot;}\">\n\t\t\t\t<div class=\"elementor-element elementor-element-65488b4 elementor-widget__width-initial elementor-widget elementor-widget-heading\" data-id=\"65488b4\" data-element_type=\"widget\" data-e-type=\"widget\" data-widget_type=\"heading.default\">\n\t\t\t\t<div class=\"elementor-widget-container\">\n\t\t\t\t\t<h2 class=\"elementor-heading-title elementor-size-default\">Ezagutu gehiago gure zerbitzuei buruz.<\/h2>\t\t\t\t<\/div>\n\t\t\t\t<\/div>\n\t\t\t\t<div class=\"elementor-element elementor-element-451cedc elementor-invisible elementor-widget elementor-widget-button\" data-id=\"451cedc\" data-element_type=\"widget\" data-e-type=\"widget\" data-settings=\"{&quot;_animation&quot;:&quot;bounceInDown&quot;}\" data-widget_type=\"button.default\">\n\t\t\t\t<div class=\"elementor-widget-container\">\n\t\t\t\t\t\t\t\t\t<div class=\"elementor-button-wrapper\">\n\t\t\t\t\t<a class=\"elementor-button elementor-button-link elementor-size-sm\" href=\"https:\/\/nuvial21.com\/eu\/servicios\/\">\n\t\t\t\t\t\t<span class=\"elementor-button-content-wrapper\">\n\t\t\t\t\t\t\t\t\t<span class=\"elementor-button-text\">Egin click hemen<\/span>\n\t\t\t\t\t<\/span>\n\t\t\t\t\t<\/a>\n\t\t\t\t<\/div>\n\t\t\t\t\t\t\t\t<\/div>\n\t\t\t\t<\/div>\n\t\t\t\t<\/div>\n\t\t<div class=\"elementor-element elementor-element-73e661a e-flex e-con-boxed e-con e-parent\" data-id=\"73e661a\" data-element_type=\"container\" data-e-type=\"container\">\n\t\t\t\t\t<div class=\"e-con-inner\">\n\t\t\t\t<div class=\"elementor-element elementor-element-277c174 elementor-widget elementor-widget-spacer\" data-id=\"277c174\" data-element_type=\"widget\" data-e-type=\"widget\" data-widget_type=\"spacer.default\">\n\t\t\t\t<div class=\"elementor-widget-container\">\n\t\t\t\t\t\t\t<div class=\"elementor-spacer\">\n\t\t\t<div class=\"elementor-spacer-inner\"><\/div>\n\t\t<\/div>\n\t\t\t\t\t\t<\/div>\n\t\t\t\t<\/div>\n\t\t\t\t\t<\/div>\n\t\t\t\t<\/div>\n\t\t\t\t<\/div>","protected":false},"excerpt":{"rendered":"<p>\u00a1Ongi Etorri | Bienvenido! Servicios Integrados de Alba\u00f1iler\u00eda, Reformas y Rehabilitaci\u00f3n: Alba\u00f1ileria Nuvial 21, su socio confiable en la construcci\u00f3n de sue\u00f1os. Servicios Integrados de Alba\u00f1iler\u00eda, Reformas y Rehabilitaci\u00f3n: Alba\u00f1ileria Nuvial 21, su socio confiable en la construcci\u00f3n de sue\u00f1os. Servicios Integrados de Alba\u00f1iler\u00eda, Reformas y Rehabilitaci\u00f3n: Alba\u00f1ileria Nuvial 21, su socio confiable en la [&hellip;]<\/p>\n","protected":false},"author":1,"featured_media":0,"parent":0,"menu_order":0,"comment_status":"closed","ping_status":"closed","template":"","meta":{"footnotes":""},"class_list":["post-2","page","type-page","status-publish","hentry"],"yoast_head":"<!-- This site is optimized with the Yoast SEO plugin v27.5 - https:\/\/yoast.com\/product\/yoast-seo-wordpress\/ -->\n<title>Inicio - Alba\u00f1ileria Nuvial 21 S.L<\/title>\n<meta name=\"robots\" content=\"index, follow, max-snippet:-1, max-image-preview:large, max-video-preview:-1\" \/>\n<link rel=\"canonical\" href=\"https:\/\/nuvial21.com\/eu\/\" \/>\n<meta property=\"og:locale\" content=\"en_US\" \/>\n<meta property=\"og:type\" content=\"article\" \/>\n<meta property=\"og:title\" content=\"Inicio - Alba\u00f1ileria Nuvial 21 S.L\" \/>\n<meta property=\"og:description\" content=\"\u00a1Ongi Etorri | Bienvenido! Servicios Integrados de Alba\u00f1iler\u00eda, Reformas y Rehabilitaci\u00f3n: Alba\u00f1ileria Nuvial 21, su socio confiable en la construcci\u00f3n de sue\u00f1os. Servicios Integrados de Alba\u00f1iler\u00eda, Reformas y Rehabilitaci\u00f3n: Alba\u00f1ileria Nuvial 21, su socio confiable en la construcci\u00f3n de sue\u00f1os. Servicios Integrados de Alba\u00f1iler\u00eda, Reformas y Rehabilitaci\u00f3n: Alba\u00f1ileria Nuvial 21, su socio confiable en la [&hellip;]\" \/>\n<meta property=\"og:url\" content=\"https:\/\/nuvial21.com\/eu\/\" \/>\n<meta property=\"og:site_name\" content=\"Alba\u00f1ileria Nuvial 21 S.L\" \/>\n<meta property=\"article:modified_time\" content=\"2024-10-28T16:29:05+00:00\" \/>\n<meta name=\"twitter:card\" content=\"summary_large_image\" \/>\n<meta name=\"twitter:label1\" content=\"Est. reading time\" \/>\n\t<meta name=\"twitter:data1\" content=\"4 minutua\" \/>\n<script type=\"application\/ld+json\" class=\"yoast-schema-graph\">{\"@context\":\"https:\\\/\\\/schema.org\",\"@graph\":[{\"@type\":\"WebPage\",\"@id\":\"https:\\\/\\\/nuvial21.com\\\/\",\"url\":\"https:\\\/\\\/nuvial21.com\\\/\",\"name\":\"Inicio - Alba\u00f1ileria Nuvial 21 S.L\",\"isPartOf\":{\"@id\":\"https:\\\/\\\/nuvial21.com\\\/#website\"},\"datePublished\":\"2024-04-08T11:48:42+00:00\",\"dateModified\":\"2024-10-28T16:29:05+00:00\",\"breadcrumb\":{\"@id\":\"https:\\\/\\\/nuvial21.com\\\/#breadcrumb\"},\"inLanguage\":\"eu\",\"potentialAction\":[{\"@type\":\"ReadAction\",\"target\":[\"https:\\\/\\\/nuvial21.com\\\/\"]}]},{\"@type\":\"BreadcrumbList\",\"@id\":\"https:\\\/\\\/nuvial21.com\\\/#breadcrumb\",\"itemListElement\":[{\"@type\":\"ListItem\",\"position\":1,\"name\":\"Portada\",\"item\":\"https:\\\/\\\/nuvial21.com\\\/\"},{\"@type\":\"ListItem\",\"position\":2,\"name\":\"Inicio\"}]},{\"@type\":\"WebSite\",\"@id\":\"https:\\\/\\\/nuvial21.com\\\/#website\",\"url\":\"https:\\\/\\\/nuvial21.com\\\/\",\"name\":\"Alba\u00f1ileria Nuvial 21 S.L\",\"description\":\"\",\"publisher\":{\"@id\":\"https:\\\/\\\/nuvial21.com\\\/#organization\"},\"potentialAction\":[{\"@type\":\"SearchAction\",\"target\":{\"@type\":\"EntryPoint\",\"urlTemplate\":\"https:\\\/\\\/nuvial21.com\\\/?s={search_term_string}\"},\"query-input\":{\"@type\":\"PropertyValueSpecification\",\"valueRequired\":true,\"valueName\":\"search_term_string\"}}],\"inLanguage\":\"eu\"},{\"@type\":\"Organization\",\"@id\":\"https:\\\/\\\/nuvial21.com\\\/#organization\",\"name\":\"Alba\u00f1ileria Nuvial 21 S.L\",\"url\":\"https:\\\/\\\/nuvial21.com\\\/\",\"logo\":{\"@type\":\"ImageObject\",\"inLanguage\":\"eu\",\"@id\":\"https:\\\/\\\/nuvial21.com\\\/#\\\/schema\\\/logo\\\/image\\\/\",\"url\":\"https:\\\/\\\/nuvial21.com\\\/wp-content\\\/uploads\\\/2024\\\/04\\\/cropped-cropped-LOGO-TRANSP-01.png\",\"contentUrl\":\"https:\\\/\\\/nuvial21.com\\\/wp-content\\\/uploads\\\/2024\\\/04\\\/cropped-cropped-LOGO-TRANSP-01.png\",\"width\":2617,\"height\":1065,\"caption\":\"Alba\u00f1ileria Nuvial 21 S.L\"},\"image\":{\"@id\":\"https:\\\/\\\/nuvial21.com\\\/#\\\/schema\\\/logo\\\/image\\\/\"}}]}<\/script>\n<!-- \/ Yoast SEO plugin. -->","yoast_head_json":{"title":"Inicio - Alba\u00f1ileria Nuvial 21 S.L","robots":{"index":"index","follow":"follow","max-snippet":"max-snippet:-1","max-image-preview":"max-image-preview:large","max-video-preview":"max-video-preview:-1"},"canonical":"https:\/\/nuvial21.com\/eu\/","og_locale":"en_US","og_type":"article","og_title":"Inicio - Alba\u00f1ileria Nuvial 21 S.L","og_description":"\u00a1Ongi Etorri | Bienvenido! Servicios Integrados de Alba\u00f1iler\u00eda, Reformas y Rehabilitaci\u00f3n: Alba\u00f1ileria Nuvial 21, su socio confiable en la construcci\u00f3n de sue\u00f1os. Servicios Integrados de Alba\u00f1iler\u00eda, Reformas y Rehabilitaci\u00f3n: Alba\u00f1ileria Nuvial 21, su socio confiable en la construcci\u00f3n de sue\u00f1os. Servicios Integrados de Alba\u00f1iler\u00eda, Reformas y Rehabilitaci\u00f3n: Alba\u00f1ileria Nuvial 21, su socio confiable en la [&hellip;]","og_url":"https:\/\/nuvial21.com\/eu\/","og_site_name":"Alba\u00f1ileria Nuvial 21 S.L","article_modified_time":"2024-10-28T16:29:05+00:00","twitter_card":"summary_large_image","twitter_misc":{"Est. reading time":"4 minutua"},"schema":{"@context":"https:\/\/schema.org","@graph":[{"@type":"WebPage","@id":"https:\/\/nuvial21.com\/","url":"https:\/\/nuvial21.com\/","name":"Inicio - Alba\u00f1ileria Nuvial 21 S.L","isPartOf":{"@id":"https:\/\/nuvial21.com\/#website"},"datePublished":"2024-04-08T11:48:42+00:00","dateModified":"2024-10-28T16:29:05+00:00","breadcrumb":{"@id":"https:\/\/nuvial21.com\/#breadcrumb"},"inLanguage":"eu","potentialAction":[{"@type":"ReadAction","target":["https:\/\/nuvial21.com\/"]}]},{"@type":"BreadcrumbList","@id":"https:\/\/nuvial21.com\/#breadcrumb","itemListElement":[{"@type":"ListItem","position":1,"name":"Portada","item":"https:\/\/nuvial21.com\/"},{"@type":"ListItem","position":2,"name":"Inicio"}]},{"@type":"WebSite","@id":"https:\/\/nuvial21.com\/#website","url":"https:\/\/nuvial21.com\/","name":"Alba\u00f1ileria Nuvial 21 S.L","description":"","publisher":{"@id":"https:\/\/nuvial21.com\/#organization"},"potentialAction":[{"@type":"SearchAction","target":{"@type":"EntryPoint","urlTemplate":"https:\/\/nuvial21.com\/?s={search_term_string}"},"query-input":{"@type":"PropertyValueSpecification","valueRequired":true,"valueName":"search_term_string"}}],"inLanguage":"eu"},{"@type":"Organization","@id":"https:\/\/nuvial21.com\/#organization","name":"Alba\u00f1ileria Nuvial 21 S.L","url":"https:\/\/nuvial21.com\/","logo":{"@type":"ImageObject","inLanguage":"eu","@id":"https:\/\/nuvial21.com\/#\/schema\/logo\/image\/","url":"https:\/\/nuvial21.com\/wp-content\/uploads\/2024\/04\/cropped-cropped-LOGO-TRANSP-01.png","contentUrl":"https:\/\/nuvial21.com\/wp-content\/uploads\/2024\/04\/cropped-cropped-LOGO-TRANSP-01.png","width":2617,"height":1065,"caption":"Alba\u00f1ileria Nuvial 21 S.L"},"image":{"@id":"https:\/\/nuvial21.com\/#\/schema\/logo\/image\/"}}]}},"_links":{"self":[{"href":"https:\/\/nuvial21.com\/eu\/wp-json\/wp\/v2\/pages\/2","targetHints":{"allow":["GET"]}}],"collection":[{"href":"https:\/\/nuvial21.com\/eu\/wp-json\/wp\/v2\/pages"}],"about":[{"href":"https:\/\/nuvial21.com\/eu\/wp-json\/wp\/v2\/types\/page"}],"author":[{"embeddable":true,"href":"https:\/\/nuvial21.com\/eu\/wp-json\/wp\/v2\/users\/1"}],"replies":[{"embeddable":true,"href":"https:\/\/nuvial21.com\/eu\/wp-json\/wp\/v2\/comments?post=2"}],"version-history":[{"count":217,"href":"https:\/\/nuvial21.com\/eu\/wp-json\/wp\/v2\/pages\/2\/revisions"}],"predecessor-version":[{"id":675,"href":"https:\/\/nuvial21.com\/eu\/wp-json\/wp\/v2\/pages\/2\/revisions\/675"}],"wp:attachment":[{"href":"https:\/\/nuvial21.com\/eu\/wp-json\/wp\/v2\/media?parent=2"}],"curies":[{"name":"wp","href":"https:\/\/api.w.org\/{rel}","templated":true}]}}